{"id":2555,"date":"2024-08-05T00:40:31","date_gmt":"2024-08-04T22:40:31","guid":{"rendered":"https:\/\/1000awnsenegal.org\/?page_id=2555"},"modified":"2024-08-05T19:57:11","modified_gmt":"2024-08-05T17:57:11","slug":"rencontrez-la-vice-presidente","status":"publish","type":"page","link":"https:\/\/1000awnsenegal.org\/?page_id=2555","title":{"rendered":"la Vice-pr\u00e9sidente"},"content":{"rendered":"\t\t<div data-elementor-type=\"wp-page\" data-elementor-id=\"2555\" class=\"elementor elementor-2555\">\n\t\t\t\t<div class=\"elementor-element elementor-element-505be33 e-con-full e-flex wpr-particle-no wpr-jarallax-no wpr-parallax-no wpr-sticky-section-no e-con e-parent\" data-id=\"505be33\" data-element_type=\"container\" data-settings=\"{&quot;background_background&quot;:&quot;slideshow&quot;,&quot;background_slideshow_gallery&quot;:[{&quot;id&quot;:1084,&quot;url&quot;:&quot;https:\\\/\\\/1000awnsenegal.org\\\/wp-content\\\/uploads\\\/2024\\\/01\\\/pic-2.jpg&quot;}],&quot;background_slideshow_loop&quot;:&quot;yes&quot;,&quot;background_slideshow_slide_duration&quot;:5000,&quot;background_slideshow_slide_transition&quot;:&quot;fade&quot;,&quot;background_slideshow_transition_duration&quot;:500}\">\n\t\t\t\t<div class=\"elementor-element elementor-element-4538fa1 elementor-widget elementor-widget-heading\" data-id=\"4538fa1\" data-element_type=\"widget\" data-widget_type=\"heading.default\">\n\t\t\t\t<div class=\"elementor-widget-container\">\n\t\t\t\t\t<h2 class=\"elementor-heading-title elementor-size-default\">Mme Fatoumata Badiane <\/h2>\t\t\t\t<\/div>\n\t\t\t\t<\/div>\n\t\t\t\t<\/div>\n\t\t<div class=\"elementor-element elementor-element-818f4f8 e-flex e-con-boxed wpr-particle-no wpr-jarallax-no wpr-parallax-no wpr-sticky-section-no e-con e-parent\" data-id=\"818f4f8\" data-element_type=\"container\">\n\t\t\t\t\t<div class=\"e-con-inner\">\n\t\t<div class=\"elementor-element elementor-element-9cd0d78 e-con-full e-flex wpr-particle-no wpr-jarallax-no wpr-parallax-no wpr-sticky-section-no e-con e-child\" data-id=\"9cd0d78\" data-element_type=\"container\">\n\t\t\t\t<div class=\"elementor-element elementor-element-ae1a7aa elementor-widget elementor-widget-image\" data-id=\"ae1a7aa\" data-element_type=\"widget\" data-widget_type=\"image.default\">\n\t\t\t\t<div class=\"elementor-widget-container\">\n\t\t\t\t\t\t\t\t\t\t\t\t\t\t\t<img fetchpriority=\"high\" decoding=\"async\" width=\"505\" height=\"615\" src=\"https:\/\/1000awnsenegal.org\/wp-content\/uploads\/2024\/08\/2ea98554-dd20-48ac-a695-27e01da0f350.jpg\" class=\"attachment-large size-large wp-image-2561\" alt=\"\" srcset=\"https:\/\/1000awnsenegal.org\/wp-content\/uploads\/2024\/08\/2ea98554-dd20-48ac-a695-27e01da0f350.jpg 505w, https:\/\/1000awnsenegal.org\/wp-content\/uploads\/2024\/08\/2ea98554-dd20-48ac-a695-27e01da0f350-246x300.jpg 246w\" sizes=\"(max-width: 505px) 100vw, 505px\" \/>\t\t\t\t\t\t\t\t\t\t\t\t\t\t\t<\/div>\n\t\t\t\t<\/div>\n\t\t\t\t<\/div>\n\t\t<div class=\"elementor-element elementor-element-8435d8f e-con-full e-flex wpr-particle-no wpr-jarallax-no wpr-parallax-no wpr-sticky-section-no e-con e-child\" data-id=\"8435d8f\" data-element_type=\"container\">\n\t\t\t\t<div class=\"elementor-element elementor-element-79f543e elementor-widget elementor-widget-heading\" data-id=\"79f543e\" data-element_type=\"widget\" data-widget_type=\"heading.default\">\n\t\t\t\t<div class=\"elementor-widget-container\">\n\t\t\t\t\t<h2 class=\"elementor-heading-title elementor-size-default\">A la rencontre de notre vice-pr\u00e9sidente S\u00e9n\u00e9gal charg\u00e9 de la cause  des femmes<\/h2>\t\t\t\t<\/div>\n\t\t\t\t<\/div>\n\t\t\t\t<div class=\"elementor-element elementor-element-4f0a751 elementor-widget elementor-widget-text-editor\" data-id=\"4f0a751\" data-element_type=\"widget\" data-widget_type=\"text-editor.default\">\n\t\t\t\t<div class=\"elementor-widget-container\">\n\t\t\t\t\t\t\t\t\t<p><strong>Apres le bac Mme Fatoumata Badiane passe 2 ann\u00e9es a la facult\u00e9 des sciences juridique et politique avant d\u2019\u00eatre ne professionnelle du marketing et du commerce.<\/strong><\/p><p><strong>M\u00e8re de famille aimante et attach\u00e9e au bien \u00eatre de la famille elle est aussi une monitrice de collectivit\u00e9 \u00e9ducatives. C\u2019est dalleurs cette m\u00eame fibre qui la motive \u00e0 vouloir impacter le mod\u00e8le d\u2019enseignement coranique en am\u00e9liorant la sante et l\u2019hygi\u00e8ne dans les Daara.<\/strong><\/p><p><strong>Dans la vie de tout le jour Fatoumata est secr\u00e9taire de direction \u00e0 la mairie de karang, a la fronti\u00e8re du S\u00e9n\u00e9gal avec la Gambie.<\/strong><\/p><p><strong>Quand elle perd son \u00e9poux, elle s\u2019occupe seule de ses 2 gar\u00e7ons \u00e0 qui elle voue une passion.<\/strong><\/p><p><strong>Mme badiane est une commer\u00e7ante qui cherche \u00e0 \u00eatre une \u00ab\u00a0 tr\u00e8s grande\u00a0\u00bb commer\u00e7ante, cela demande beaucoup de cr\u00e9ativit\u00e9 et de dynamisme.<\/strong><\/p><p><strong>Passionn\u00e9e de mode, paisible et aux \u00e9changes faciles Mme badiane a d\u00e9cid\u00e9 de se mettre au service de l\u2019ODDs 4\u00a0 (\u00e9galit\u00e9s des sexes) afin que AWN S\u00e9n\u00e9gal soit un outil de promotion et de renforcement des capacit\u00e9s des femmes de notre pays. Cela se comprend bien en bonne Saloum saloum.<\/strong><\/p><p><strong>Elle pr\u00e9pare une s\u00e9rie d\u2019activit\u00e9 pour sensibiliser les s\u00e9n\u00e9galais sur l\u2019int\u00e9gration des femmes dans toutes les instances de d\u00e9cisions du pays.<\/strong><\/p>\t\t\t\t\t\t\t\t<\/div>\n\t\t\t\t<\/div>\n\t\t\t\t<\/div>\n\t\t\t\t\t<\/div>\n\t\t\t\t<\/div>\n\t\t\t\t<\/div>\n\t\t","protected":false},"excerpt":{"rendered":"<p>Mme Fatoumata Badiane A la rencontre de notre vice-pr\u00e9sidente S\u00e9n\u00e9gal charg\u00e9 de la cause des femmes Apres le bac Mme Fatoumata Badiane passe 2 ann\u00e9es a la facult\u00e9 des sciences juridique et politique avant d\u2019\u00eatre ne professionnelle du marketing et du commerce. M\u00e8re de famille aimante et attach\u00e9e au bien \u00eatre de la famille elle est aussi une monitrice de collectivit\u00e9 \u00e9ducatives. C\u2019est dalleurs cette m\u00eame fibre qui la motive \u00e0 vouloir impacter le mod\u00e8le d\u2019enseignement coranique en am\u00e9liorant la sante et l\u2019hygi\u00e8ne dans les Daara. Dans la vie de tout le jour Fatoumata est secr\u00e9taire de direction \u00e0 la mairie de karang, a la fronti\u00e8re du S\u00e9n\u00e9gal avec la Gambie. Quand elle perd son \u00e9poux, elle s\u2019occupe seule de ses 2 gar\u00e7ons \u00e0 qui elle voue une passion. Mme badiane est une commer\u00e7ante qui cherche \u00e0 \u00eatre une \u00ab\u00a0 tr\u00e8s grande\u00a0\u00bb commer\u00e7ante, cela demande beaucoup de cr\u00e9ativit\u00e9 et de dynamisme. Passionn\u00e9e de mode, paisible et aux \u00e9changes faciles Mme badiane a d\u00e9cid\u00e9 de se mettre au service de l\u2019ODDs 4\u00a0 (\u00e9galit\u00e9s des sexes) afin que AWN S\u00e9n\u00e9gal soit un outil de promotion et de renforcement des capacit\u00e9s des femmes de notre pays. Cela se comprend bien en bonne Saloum saloum. Elle pr\u00e9pare une s\u00e9rie d\u2019activit\u00e9 pour sensibiliser les s\u00e9n\u00e9galais sur l\u2019int\u00e9gration des femmes dans toutes les instances de d\u00e9cisions du pays.<\/p>\n","protected":false},"author":1,"featured_media":0,"parent":0,"menu_order":0,"comment_status":"closed","ping_status":"closed","template":"elementor_header_footer","meta":{"footnotes":""},"class_list":["post-2555","page","type-page","status-publish","hentry"],"_links":{"self":[{"href":"https:\/\/1000awnsenegal.org\/index.php?rest_route=\/wp\/v2\/pages\/2555","targetHints":{"allow":["GET"]}}],"collection":[{"href":"https:\/\/1000awnsenegal.org\/index.php?rest_route=\/wp\/v2\/pages"}],"about":[{"href":"https:\/\/1000awnsenegal.org\/index.php?rest_route=\/wp\/v2\/types\/page"}],"author":[{"embeddable":true,"href":"https:\/\/1000awnsenegal.org\/index.php?rest_route=\/wp\/v2\/users\/1"}],"replies":[{"embeddable":true,"href":"https:\/\/1000awnsenegal.org\/index.php?rest_route=%2Fwp%2Fv2%2Fcomments&post=2555"}],"version-history":[{"count":9,"href":"https:\/\/1000awnsenegal.org\/index.php?rest_route=\/wp\/v2\/pages\/2555\/revisions"}],"predecessor-version":[{"id":2614,"href":"https:\/\/1000awnsenegal.org\/index.php?rest_route=\/wp\/v2\/pages\/2555\/revisions\/2614"}],"wp:attachment":[{"href":"https:\/\/1000awnsenegal.org\/index.php?rest_route=%2Fwp%2Fv2%2Fmedia&parent=2555"}],"curies":[{"name":"wp","href":"https:\/\/api.w.org\/{rel}","templated":true}]}}