{"id":2566,"date":"2024-08-05T12:20:48","date_gmt":"2024-08-05T10:20:48","guid":{"rendered":"https:\/\/1000awnsenegal.org\/?page_id=2566"},"modified":"2024-08-05T19:57:21","modified_gmt":"2024-08-05T17:57:21","slug":"vice-presidente-jeunesse","status":"publish","type":"page","link":"https:\/\/1000awnsenegal.org\/?page_id=2566","title":{"rendered":"la Vice-pr\u00e9sidente jeunesse"},"content":{"rendered":"\t\t<div data-elementor-type=\"wp-page\" data-elementor-id=\"2566\" class=\"elementor elementor-2566\">\n\t\t\t\t<div class=\"elementor-element elementor-element-ab379d6 e-flex e-con-boxed wpr-particle-no wpr-jarallax-no wpr-parallax-no wpr-sticky-section-no e-con e-parent\" data-id=\"ab379d6\" data-element_type=\"container\" data-settings=\"{&quot;background_background&quot;:&quot;slideshow&quot;,&quot;background_slideshow_gallery&quot;:[{&quot;id&quot;:1084,&quot;url&quot;:&quot;https:\\\/\\\/1000awnsenegal.org\\\/wp-content\\\/uploads\\\/2024\\\/01\\\/pic-2.jpg&quot;}],&quot;background_slideshow_loop&quot;:&quot;yes&quot;,&quot;background_slideshow_slide_duration&quot;:5000,&quot;background_slideshow_slide_transition&quot;:&quot;fade&quot;,&quot;background_slideshow_transition_duration&quot;:500}\">\n\t\t\t\t\t<div class=\"e-con-inner\">\n\t\t\t\t<div class=\"elementor-element elementor-element-bba485a elementor-widget elementor-widget-heading\" data-id=\"bba485a\" data-element_type=\"widget\" data-widget_type=\"heading.default\">\n\t\t\t\t<div class=\"elementor-widget-container\">\n\t\t\t\t\t<h2 class=\"elementor-heading-title elementor-size-default\">Mame Fatou Sylberia Diack<\/h2>\t\t\t\t<\/div>\n\t\t\t\t<\/div>\n\t\t\t\t\t<\/div>\n\t\t\t\t<\/div>\n\t\t<div class=\"elementor-element elementor-element-239c601 e-flex e-con-boxed wpr-particle-no wpr-jarallax-no wpr-parallax-no wpr-sticky-section-no e-con e-parent\" data-id=\"239c601\" data-element_type=\"container\">\n\t\t\t\t\t<div class=\"e-con-inner\">\n\t\t<div class=\"elementor-element elementor-element-19149f0 e-con-full e-flex wpr-particle-no wpr-jarallax-no wpr-parallax-no wpr-sticky-section-no e-con e-child\" data-id=\"19149f0\" data-element_type=\"container\">\n\t\t\t\t<div class=\"elementor-element elementor-element-5230f78 elementor-widget elementor-widget-image\" data-id=\"5230f78\" data-element_type=\"widget\" data-widget_type=\"image.default\">\n\t\t\t\t<div class=\"elementor-widget-container\">\n\t\t\t\t\t\t\t\t\t\t\t\t\t\t\t<img fetchpriority=\"high\" decoding=\"async\" width=\"611\" height=\"1024\" src=\"https:\/\/1000awnsenegal.org\/wp-content\/uploads\/2024\/08\/Capture-decran-2024-08-05-a-10.05.11-611x1024.png\" class=\"attachment-large size-large wp-image-2575\" alt=\"\" srcset=\"https:\/\/1000awnsenegal.org\/wp-content\/uploads\/2024\/08\/Capture-decran-2024-08-05-a-10.05.11-611x1024.png 611w, https:\/\/1000awnsenegal.org\/wp-content\/uploads\/2024\/08\/Capture-decran-2024-08-05-a-10.05.11-179x300.png 179w, https:\/\/1000awnsenegal.org\/wp-content\/uploads\/2024\/08\/Capture-decran-2024-08-05-a-10.05.11.png 736w\" sizes=\"(max-width: 611px) 100vw, 611px\" \/>\t\t\t\t\t\t\t\t\t\t\t\t\t\t\t<\/div>\n\t\t\t\t<\/div>\n\t\t\t\t<\/div>\n\t\t<div class=\"elementor-element elementor-element-3d7c214 e-con-full e-flex wpr-particle-no wpr-jarallax-no wpr-parallax-no wpr-sticky-section-no e-con e-child\" data-id=\"3d7c214\" data-element_type=\"container\">\n\t\t\t\t<div class=\"elementor-element elementor-element-fed7cf1 elementor-widget elementor-widget-text-editor\" data-id=\"fed7cf1\" data-element_type=\"widget\" data-widget_type=\"text-editor.default\">\n\t\t\t\t<div class=\"elementor-widget-container\">\n\t\t\t\t\t\t\t\t\t<p><strong>Mame Fatou Sylberia Diack est une professionnelle d\u00e9vou\u00e9e titulaire d&#8217;une licence en G\u00e9nie Biom\u00e9dical. Elle travaille actuellement pour l&#8217;Association de Sant\u00e9 Afrique-Allemagne, sp\u00e9cialis\u00e9e en Ing\u00e9nierie Hospitali\u00e8re, o\u00f9 elle contribue depuis presque un an. Avant d&#8217;occuper son poste actuel, elle a acquis une exp\u00e9rience pr\u00e9cieuse en travaillant dans plusieurs h\u00f4pitaux \u00e0 Dakar.<\/strong><\/p><p><strong>Mame Fatou a effectu\u00e9 tout son cursus scolaire au Cours Sacr\u00e9 C\u0153ur et a obtenu son baccalaur\u00e9at avec mention Bien en s\u00e9rie scientifique S2. Cette solide base acad\u00e9mique lui a permis de bien d\u00e9marrer sa carri\u00e8re en g\u00e9nie biom\u00e9dical.<\/strong><\/p><p><strong>Dans son parcours professionnel, Mame Fatou s&#8217;engage activement dans l&#8217;am\u00e9lioration des services de sant\u00e9 \u00e0 travers la digitalisation et l&#8217;impl\u00e9mentation des ing\u00e9nieurs biom\u00e9dicaux dans la gestion non seulement des \u00e9quipements m\u00e9dicaux mais aussi des \u00e9tablissements de sant\u00e9 en g\u00e9n\u00e9ral. Son travail dans ce domaine t\u00e9moigne de son engagement \u00e0 am\u00e9liorer la qualit\u00e9 et l&#8217;efficacit\u00e9 des syst\u00e8mes de sant\u00e9.<\/strong><\/p><p><strong>En plus de son travail dans le domaine de la sant\u00e9, Mame Fatou est \u00e9galement une entrepreneure autodidacte dans le domaine des locks. Elle a fond\u00e9 sa propre entreprise, Lock&#8217;Syl, en 2022, o\u00f9 elle se consacre avec passion \u00e0 la cr\u00e9ation et \u00e0 l&#8217;entretien de locks pour ses clients. Son esprit entrepreneurial et son d\u00e9vouement tant dans ses activit\u00e9s professionnelles que personnelles font d&#8217;elle une personne accomplie et motiv\u00e9e, engag\u00e9e dans l&#8217;apprentissage continu et la croissance.<\/strong><\/p>\t\t\t\t\t\t\t\t<\/div>\n\t\t\t\t<\/div>\n\t\t\t\t<\/div>\n\t\t\t\t\t<\/div>\n\t\t\t\t<\/div>\n\t\t\t\t<\/div>\n\t\t","protected":false},"excerpt":{"rendered":"<p>Mame Fatou Sylberia Diack Mame Fatou Sylberia Diack est une professionnelle d\u00e9vou\u00e9e titulaire d&#8217;une licence en G\u00e9nie Biom\u00e9dical. Elle travaille actuellement pour l&#8217;Association de Sant\u00e9 Afrique-Allemagne, sp\u00e9cialis\u00e9e en Ing\u00e9nierie Hospitali\u00e8re, o\u00f9 elle contribue depuis presque un an. Avant d&#8217;occuper son poste actuel, elle a acquis une exp\u00e9rience pr\u00e9cieuse en travaillant dans plusieurs h\u00f4pitaux \u00e0 Dakar. Mame Fatou a effectu\u00e9 tout son cursus scolaire au Cours Sacr\u00e9 C\u0153ur et a obtenu son baccalaur\u00e9at avec mention Bien en s\u00e9rie scientifique S2. Cette solide base acad\u00e9mique lui a permis de bien d\u00e9marrer sa carri\u00e8re en g\u00e9nie biom\u00e9dical. Dans son parcours professionnel, Mame Fatou s&#8217;engage activement dans l&#8217;am\u00e9lioration des services de sant\u00e9 \u00e0 travers la digitalisation et l&#8217;impl\u00e9mentation des ing\u00e9nieurs biom\u00e9dicaux dans la gestion non seulement des \u00e9quipements m\u00e9dicaux mais aussi des \u00e9tablissements de sant\u00e9 en g\u00e9n\u00e9ral. Son travail dans ce domaine t\u00e9moigne de son engagement \u00e0 am\u00e9liorer la qualit\u00e9 et l&#8217;efficacit\u00e9 des syst\u00e8mes de sant\u00e9. En plus de son travail dans le domaine de la sant\u00e9, Mame Fatou est \u00e9galement une entrepreneure autodidacte dans le domaine des locks. Elle a fond\u00e9 sa propre entreprise, Lock&#8217;Syl, en 2022, o\u00f9 elle se consacre avec passion \u00e0 la cr\u00e9ation et \u00e0 l&#8217;entretien de locks pour ses clients. Son esprit entrepreneurial et son d\u00e9vouement tant dans ses activit\u00e9s professionnelles que personnelles font d&#8217;elle une personne accomplie et motiv\u00e9e, engag\u00e9e dans l&#8217;apprentissage continu et la croissance.<\/p>\n","protected":false},"author":1,"featured_media":0,"parent":0,"menu_order":0,"comment_status":"closed","ping_status":"closed","template":"elementor_header_footer","meta":{"footnotes":""},"class_list":["post-2566","page","type-page","status-publish","hentry"],"_links":{"self":[{"href":"https:\/\/1000awnsenegal.org\/index.php?rest_route=\/wp\/v2\/pages\/2566","targetHints":{"allow":["GET"]}}],"collection":[{"href":"https:\/\/1000awnsenegal.org\/index.php?rest_route=\/wp\/v2\/pages"}],"about":[{"href":"https:\/\/1000awnsenegal.org\/index.php?rest_route=\/wp\/v2\/types\/page"}],"author":[{"embeddable":true,"href":"https:\/\/1000awnsenegal.org\/index.php?rest_route=\/wp\/v2\/users\/1"}],"replies":[{"embeddable":true,"href":"https:\/\/1000awnsenegal.org\/index.php?rest_route=%2Fwp%2Fv2%2Fcomments&post=2566"}],"version-history":[{"count":11,"href":"https:\/\/1000awnsenegal.org\/index.php?rest_route=\/wp\/v2\/pages\/2566\/revisions"}],"predecessor-version":[{"id":2615,"href":"https:\/\/1000awnsenegal.org\/index.php?rest_route=\/wp\/v2\/pages\/2566\/revisions\/2615"}],"wp:attachment":[{"href":"https:\/\/1000awnsenegal.org\/index.php?rest_route=%2Fwp%2Fv2%2Fmedia&parent=2566"}],"curies":[{"name":"wp","href":"https:\/\/api.w.org\/{rel}","templated":true}]}}